{"id":3795,"date":"2023-05-19T09:17:26","date_gmt":"2023-05-19T09:17:26","guid":{"rendered":"https:\/\/trekon.qodeinteractive.com\/?page_id=3795"},"modified":"2025-05-29T18:51:51","modified_gmt":"2025-05-29T16:51:51","slug":"contact-us","status":"publish","type":"page","link":"https:\/\/m5.krakow.pl\/index.php\/contact-us\/","title":{"rendered":"Kontakt"},"content":{"rendered":"\t\t<div data-elementor-type=\"wp-page\" data-elementor-id=\"3795\" class=\"elementor elementor-3795\">\n\t\t\t\t\t\t<section class=\"elementor-section elementor-top-section elementor-element elementor-element-b5bc304 elementor-section-full_width elementor-section-height-min-height elementor-section-content-bottom elementor-section-height-default elementor-section-items-middle\" data-id=\"b5bc304\" data-element_type=\"section\" data-e-type=\"section\">\n\t\t\t\t\t\t<div class=\"elementor-container elementor-column-gap-no\">\n\t\t\t\t\t<div class=\"elementor-column elementor-col-50 elementor-top-column elementor-element elementor-element-064550f\" data-id=\"064550f\" data-element_type=\"column\" data-e-type=\"column\">\n\t\t\t<div class=\"elementor-widget-wrap elementor-element-populated\">\n\t\t\t\t\t\t<div class=\"elementor-element elementor-element-1d87194 elementor-widget elementor-widget-trekon_core_section_title\" data-id=\"1d87194\" data-element_type=\"widget\" data-e-type=\"widget\" data-widget_type=\"trekon_core_section_title.default\">\n\t\t\t\t<div class=\"elementor-widget-container\">\n\t\t\t\t\t<div class=\"qodef-shortcode qodef-m qodef-section-title qodef-alignment--left\">\n\t\t<h2 class=\"qodef-m-title\" >\n\t\t\t\t\tSkontaktuj si\u0119 z nami, aby uzyska\u0107 wi\u0119cej informacji\t\t\t<\/h2>\n\t<\/div>\n\t\t\t\t<\/div>\n\t\t\t\t<\/div>\n\t\t\t\t<section class=\"elementor-section elementor-inner-section elementor-element elementor-element-87fd819 elementor-section-boxed elementor-section-height-default elementor-section-height-default\" data-id=\"87fd819\" data-element_type=\"section\" data-e-type=\"section\">\n\t\t\t\t\t\t<div class=\"elementor-container elementor-column-gap-no\">\n\t\t\t\t\t<div class=\"elementor-column elementor-col-50 elementor-inner-column elementor-element elementor-element-8ad0e2a\" data-id=\"8ad0e2a\" data-element_type=\"column\" data-e-type=\"column\" data-settings=\"{&quot;background_background&quot;:&quot;classic&quot;}\">\n\t\t\t<div class=\"elementor-widget-wrap elementor-element-populated\">\n\t\t\t\t\t\t<div class=\"elementor-element elementor-element-c2722b7 elementor-widget elementor-widget-trekon_core_section_title\" data-id=\"c2722b7\" data-element_type=\"widget\" data-e-type=\"widget\" data-widget_type=\"trekon_core_section_title.default\">\n\t\t\t\t<div class=\"elementor-widget-container\">\n\t\t\t\t\t<div class=\"qodef-shortcode qodef-m qodef-section-title qodef-alignment--left\">\n\t\t<h4 class=\"qodef-m-title\" >\n\t\t\t\t\tKrak\u00f3w\t\t\t<\/h4>\n\t<\/div>\n\t\t\t\t<\/div>\n\t\t\t\t<\/div>\n\t\t\t\t<div class=\"elementor-element elementor-element-25423c1 elementor-widget elementor-widget-text-editor\" data-id=\"25423c1\" data-element_type=\"widget\" data-e-type=\"widget\" data-widget_type=\"text-editor.default\">\n\t\t\t\t<div class=\"elementor-widget-container\">\n\t\t\t\t\t\t\t\t\t<p><a href=\"https:\/\/www.google.com\/maps\/dir\/\/Mariana+Hemara+7,+30-198+Krak%C3%B3w\" target=\"_blank\" rel=\"noopener\">Ul. Mariana Hemara 7<br \/>30-198 Krak\u00f3w<\/a><\/p>\t\t\t\t\t\t\t\t<\/div>\n\t\t\t\t<\/div>\n\t\t\t\t<div class=\"elementor-element elementor-element-94e5bd0 elementor-widget elementor-widget-text-editor\" data-id=\"94e5bd0\" data-element_type=\"widget\" data-e-type=\"widget\" data-widget_type=\"text-editor.default\">\n\t\t\t\t<div class=\"elementor-widget-container\">\n\t\t\t\t\t\t\t\t\t<p>Przesy\u0142ki \/ sprawy administracyjne<br \/><a href=\"tel:+48501487951\">+48 501 487 951<\/a><br \/>Pon &#8211; Pt, 8:30-16:30<br \/><a href=\"mailto:m5buty@wp.pl\">m5buty@wp.pl<\/a><\/p>\t\t\t\t\t\t\t\t<\/div>\n\t\t\t\t<\/div>\n\t\t\t\t\t<\/div>\n\t\t<\/div>\n\t\t\t\t<div class=\"elementor-column elementor-col-50 elementor-inner-column elementor-element elementor-element-da32e21\" data-id=\"da32e21\" data-element_type=\"column\" data-e-type=\"column\">\n\t\t\t<div class=\"elementor-widget-wrap elementor-element-populated\">\n\t\t\t\t\t\t<div class=\"elementor-element elementor-element-5dca031 elementor-widget__width-auto elementor-widget elementor-widget-trekon_core_icon\" data-id=\"5dca031\" data-element_type=\"widget\" data-e-type=\"widget\" data-widget_type=\"trekon_core_icon.default\">\n\t\t\t\t<div class=\"elementor-widget-container\">\n\t\t\t\t\t<span class=\"qodef-shortcode qodef-m qodef-icon-holder qodef-size--default qodef-layout--normal\"  >\n\t\t\t\t<\/span>\n\t\t\t\t<\/div>\n\t\t\t\t<\/div>\n\t\t\t\t\t<\/div>\n\t\t<\/div>\n\t\t\t\t\t<\/div>\n\t\t<\/section>\n\t\t\t\t<section class=\"elementor-section elementor-inner-section elementor-element elementor-element-39bd960 elementor-section-boxed elementor-section-height-default elementor-section-height-default\" data-id=\"39bd960\" data-element_type=\"section\" data-e-type=\"section\">\n\t\t\t\t\t\t<div class=\"elementor-container elementor-column-gap-no\">\n\t\t\t\t\t<div class=\"elementor-column elementor-col-100 elementor-inner-column elementor-element elementor-element-6a65771\" data-id=\"6a65771\" data-element_type=\"column\" data-e-type=\"column\">\n\t\t\t<div class=\"elementor-widget-wrap elementor-element-populated\">\n\t\t\t\t\t\t<div class=\"elementor-element elementor-element-0c06764 elementor-widget__width-auto elementor-widget elementor-widget-trekon_core_icon\" data-id=\"0c06764\" data-element_type=\"widget\" data-e-type=\"widget\" data-widget_type=\"trekon_core_icon.default\">\n\t\t\t\t<div class=\"elementor-widget-container\">\n\t\t\t\t\t<span class=\"qodef-shortcode qodef-m qodef-icon-holder qodef-size--default qodef-layout--normal\" data-hover-color=\"#9A9A9A\" >\n\t\t\t<a itemprop=\"url\" href=\"https:\/\/twitter.com\/qodeinteractive\/\" target=\"_blank\">\n\t\t\t<span class=\"qodef-icon-font-awesome fab fa-twitter qodef-icon qodef-e\" style=\"font-size: 18px\" ><\/span>\t\t\t<\/a>\n\t<\/span>\n\t\t\t\t<\/div>\n\t\t\t\t<\/div>\n\t\t\t\t<div class=\"elementor-element elementor-element-bbc83ad elementor-widget__width-auto elementor-widget elementor-widget-trekon_core_icon\" data-id=\"bbc83ad\" data-element_type=\"widget\" data-e-type=\"widget\" data-widget_type=\"trekon_core_icon.default\">\n\t\t\t\t<div class=\"elementor-widget-container\">\n\t\t\t\t\t<span class=\"qodef-shortcode qodef-m qodef-icon-holder qodef-size--default qodef-layout--normal\" data-hover-color=\"#9A9A9A\" >\n\t\t\t<a itemprop=\"url\" href=\"https:\/\/instagram.com\/qodeinteractive\/\" target=\"_blank\">\n\t\t\t<span class=\"qodef-icon-font-awesome fab fa-instagram qodef-icon qodef-e\" style=\"font-size: 19px\" ><\/span>\t\t\t<\/a>\n\t<\/span>\n\t\t\t\t<\/div>\n\t\t\t\t<\/div>\n\t\t\t\t<div class=\"elementor-element elementor-element-bdc4061 elementor-widget__width-auto elementor-widget elementor-widget-trekon_core_icon\" data-id=\"bdc4061\" data-element_type=\"widget\" data-e-type=\"widget\" data-widget_type=\"trekon_core_icon.default\">\n\t\t\t\t<div class=\"elementor-widget-container\">\n\t\t\t\t\t<span class=\"qodef-shortcode qodef-m qodef-icon-holder qodef-size--default qodef-layout--normal\" data-hover-color=\"#9A9A9A\" >\n\t\t\t<a itemprop=\"url\" href=\"https:\/\/facebook.com\/qodeinteractive\/\" target=\"_blank\">\n\t\t\t<span class=\"qodef-icon-font-awesome fab fa-facebook-square qodef-icon qodef-e\" style=\"font-size: 19px\" ><\/span>\t\t\t<\/a>\n\t<\/span>\n\t\t\t\t<\/div>\n\t\t\t\t<\/div>\n\t\t\t\t<div class=\"elementor-element elementor-element-1f80823 elementor-widget__width-auto elementor-widget elementor-widget-trekon_core_icon\" data-id=\"1f80823\" data-element_type=\"widget\" data-e-type=\"widget\" data-widget_type=\"trekon_core_icon.default\">\n\t\t\t\t<div class=\"elementor-widget-container\">\n\t\t\t\t\t<span class=\"qodef-shortcode qodef-m qodef-icon-holder qodef-size--default qodef-layout--normal\" data-hover-color=\"#9A9A9A\" >\n\t\t\t<a itemprop=\"url\" href=\"https:\/\/vimeo.com\/qodeinteractive\" target=\"_blank\">\n\t\t\t<span class=\"qodef-icon-font-awesome fab fa-vimeo-v qodef-icon qodef-e\" style=\"font-size: 19px\" ><\/span>\t\t\t<\/a>\n\t<\/span>\n\t\t\t\t<\/div>\n\t\t\t\t<\/div>\n\t\t\t\t\t<\/div>\n\t\t<\/div>\n\t\t\t\t\t<\/div>\n\t\t<\/section>\n\t\t\t\t\t<\/div>\n\t\t<\/div>\n\t\t\t\t<div class=\"elementor-column elementor-col-50 elementor-top-column elementor-element elementor-element-54a4db5\" data-id=\"54a4db5\" data-element_type=\"column\" data-e-type=\"column\" data-settings=\"{&quot;background_background&quot;:&quot;classic&quot;}\">\n\t\t\t<div class=\"elementor-widget-wrap elementor-element-populated\">\n\t\t\t\t\t\t<div class=\"elementor-element elementor-element-95bf957 elementor-widget elementor-widget-html\" data-id=\"95bf957\" data-element_type=\"widget\" data-e-type=\"widget\" data-widget_type=\"html.default\">\n\t\t\t\t<div class=\"elementor-widget-container\">\n\t\t\t\t\t<iframe src=\"https:\/\/www.google.com\/maps\/embed?pb=!1m18!1m12!1m3!1d2560.150325574509!2d19.841107876833583!3d50.083472313718715!2m3!1f0!2f0!3f0!3m2!1i1024!2i768!4f13.1!3m3!1m2!1s0x4716596d611ef72d%3A0xd766353eb3966e7a!2sM5.%20Szko%C5%82a%20wspinania.%20Pi%C4%85tek%20M.!5e0!3m2!1spl!2spl!4v1748536252932!5m2!1spl!2spl\" width=\"600\" height=\"450\" style=\"border:0;\" allowfullscreen=\"\" loading=\"lazy\" referrerpolicy=\"no-referrer-when-downgrade\"><\/iframe>\t\t\t\t<\/div>\n\t\t\t\t<\/div>\n\t\t\t\t\t<\/div>\n\t\t<\/div>\n\t\t\t\t\t<\/div>\n\t\t<\/section>\n\t\t\t\t<section class=\"elementor-section elementor-top-section elementor-element elementor-element-b32398c elementor-section-full_width qodef-elementor-content-grid elementor-section-height-default elementor-section-height-default\" data-id=\"b32398c\" data-element_type=\"section\" data-e-type=\"section\">\n\t\t\t\t\t\t<div class=\"elementor-container elementor-column-gap-no\">\n\t\t\t\t\t<div class=\"elementor-column elementor-col-50 elementor-top-column elementor-element elementor-element-f0ef0d1\" data-id=\"f0ef0d1\" data-element_type=\"column\" data-e-type=\"column\">\n\t\t\t<div class=\"elementor-widget-wrap elementor-element-populated\">\n\t\t\t\t\t\t<div class=\"elementor-element elementor-element-cdc07d1 elementor-widget elementor-widget-trekon_core_single_image\" data-id=\"cdc07d1\" data-element_type=\"widget\" data-e-type=\"widget\" data-widget_type=\"trekon_core_single_image.default\">\n\t\t\t\t<div class=\"elementor-widget-container\">\n\t\t\t\t\t<div class=\"qodef-shortcode qodef-m qodef-single-image qodef-layout--default\">\n\t\t\t<div class=\"qodef-m-image\">\n\t\t\t\t\t\t\t\t<img fetchpriority=\"high\" decoding=\"async\" width=\"1000\" height=\"1000\" src=\"https:\/\/m5.krakow.pl\/wp-content\/uploads\/2025\/05\/3-tygodnie.Minimum-3-tygodnie.Taki-jest-obecnie-czas-oczekiwania-na-naprawe-Waszych-butkow.Dwoimy-sie-i-troimy-aby-bylo-git.jpg\" class=\"attachment-full size-full\" alt=\"\" srcset=\"https:\/\/m5.krakow.pl\/wp-content\/uploads\/2025\/05\/3-tygodnie.Minimum-3-tygodnie.Taki-jest-obecnie-czas-oczekiwania-na-naprawe-Waszych-butkow.Dwoimy-sie-i-troimy-aby-bylo-git.jpg 1000w, https:\/\/m5.krakow.pl\/wp-content\/uploads\/2025\/05\/3-tygodnie.Minimum-3-tygodnie.Taki-jest-obecnie-czas-oczekiwania-na-naprawe-Waszych-butkow.Dwoimy-sie-i-troimy-aby-bylo-git-300x300.jpg 300w, https:\/\/m5.krakow.pl\/wp-content\/uploads\/2025\/05\/3-tygodnie.Minimum-3-tygodnie.Taki-jest-obecnie-czas-oczekiwania-na-naprawe-Waszych-butkow.Dwoimy-sie-i-troimy-aby-bylo-git-100x100.jpg 100w, https:\/\/m5.krakow.pl\/wp-content\/uploads\/2025\/05\/3-tygodnie.Minimum-3-tygodnie.Taki-jest-obecnie-czas-oczekiwania-na-naprawe-Waszych-butkow.Dwoimy-sie-i-troimy-aby-bylo-git-150x150.jpg 150w, https:\/\/m5.krakow.pl\/wp-content\/uploads\/2025\/05\/3-tygodnie.Minimum-3-tygodnie.Taki-jest-obecnie-czas-oczekiwania-na-naprawe-Waszych-butkow.Dwoimy-sie-i-troimy-aby-bylo-git-768x768.jpg 768w, https:\/\/m5.krakow.pl\/wp-content\/uploads\/2025\/05\/3-tygodnie.Minimum-3-tygodnie.Taki-jest-obecnie-czas-oczekiwania-na-naprawe-Waszych-butkow.Dwoimy-sie-i-troimy-aby-bylo-git-650x650.jpg 650w\" sizes=\"(max-width: 1000px) 100vw, 1000px\" \/>\t\t\t\t\t\t\t<\/div>\n\t<\/div>\n\t\t\t\t<\/div>\n\t\t\t\t<\/div>\n\t\t\t\t\t<\/div>\n\t\t<\/div>\n\t\t\t\t<div class=\"elementor-column elementor-col-50 elementor-top-column elementor-element elementor-element-d0071dd\" data-id=\"d0071dd\" data-element_type=\"column\" data-e-type=\"column\">\n\t\t\t<div class=\"elementor-widget-wrap elementor-element-populated\">\n\t\t\t\t\t\t<div class=\"elementor-element elementor-element-c49873b elementor-widget elementor-widget-trekon_core_section_title\" data-id=\"c49873b\" data-element_type=\"widget\" data-e-type=\"widget\" data-widget_type=\"trekon_core_section_title.default\">\n\t\t\t\t<div class=\"elementor-widget-container\">\n\t\t\t\t\t<div class=\"qodef-shortcode qodef-m qodef-section-title qodef-alignment--left\">\n\t\t<h2 class=\"qodef-m-title\" >\n\t\t\t\t\tZostaw odpowied\u017a\t\t\t<\/h2>\n\t\t<p class=\"qodef-m-text\" style=\"margin-top: 15px\">Tw\u00f3j adres e-mail nie zostanie opublikowany. Pola oznaczone * s\u0105 obowi\u0105zkowe<\/p>\n<\/div>\n\t\t\t\t<\/div>\n\t\t\t\t<\/div>\n\t\t\t\t<div class=\"elementor-element elementor-element-8740c12 elementor-widget elementor-widget-qi_addons_for_elementor_contact_form_7\" data-id=\"8740c12\" data-element_type=\"widget\" data-e-type=\"widget\" data-widget_type=\"qi_addons_for_elementor_contact_form_7.default\">\n\t\t\t\t<div class=\"elementor-widget-container\">\n\t\t\t\t\t<div class=\"qodef-shortcode qodef-m qodef-qi-contact-form-7\">\n\t\n<div class=\"wpcf7 no-js\" id=\"wpcf7-f9-o1\" lang=\"pl-PL\" dir=\"ltr\" data-wpcf7-id=\"9\">\n<div class=\"screen-reader-response\"><p role=\"status\" aria-live=\"polite\" aria-atomic=\"true\"><\/p> <ul><\/ul><\/div>\n<form action=\"\/index.php\/wp-json\/wp\/v2\/pages\/3795#wpcf7-f9-o1\" method=\"post\" class=\"wpcf7-form init\" aria-label=\"Formularz kontaktowy\" novalidate=\"novalidate\" data-status=\"init\">\n<fieldset class=\"hidden-fields-container\"><input type=\"hidden\" name=\"_wpcf7\" value=\"9\" \/><input type=\"hidden\" name=\"_wpcf7_version\" value=\"6.1.5\" \/><input type=\"hidden\" name=\"_wpcf7_locale\" value=\"pl_PL\" \/><input type=\"hidden\" name=\"_wpcf7_unit_tag\" value=\"wpcf7-f9-o1\" \/><input type=\"hidden\" name=\"_wpcf7_container_post\" value=\"0\" \/><input type=\"hidden\" name=\"_wpcf7_posted_data_hash\" value=\"\" \/>\n<\/fieldset>\n<label> Imi\u0119\n    <span class=\"wpcf7-form-control-wrap\" data-name=\"your-name\"><input size=\"40\" maxlength=\"400\" class=\"wpcf7-form-control wpcf7-text wpcf7-validates-as-required\" autocomplete=\"name\" aria-required=\"true\" aria-invalid=\"false\" value=\"\" type=\"text\" name=\"your-name\" \/><\/span> <\/label>\n\n<label> Email\n    <span class=\"wpcf7-form-control-wrap\" data-name=\"your-email\"><input size=\"40\" maxlength=\"400\" class=\"wpcf7-form-control wpcf7-email wpcf7-validates-as-required wpcf7-text wpcf7-validates-as-email\" autocomplete=\"email\" aria-required=\"true\" aria-invalid=\"false\" value=\"\" type=\"email\" name=\"your-email\" \/><\/span> <\/label>\n\n<label> Temat\n    <span class=\"wpcf7-form-control-wrap\" data-name=\"your-subject\"><input size=\"40\" maxlength=\"400\" class=\"wpcf7-form-control wpcf7-text wpcf7-validates-as-required\" aria-required=\"true\" aria-invalid=\"false\" value=\"\" type=\"text\" name=\"your-subject\" \/><\/span> <\/label>\n\n<label> Wiadomo\u015b\u0107 (optional)\n    <span class=\"wpcf7-form-control-wrap\" data-name=\"your-message\"><textarea cols=\"40\" rows=\"10\" maxlength=\"2000\" class=\"wpcf7-form-control wpcf7-textarea\" aria-invalid=\"false\" name=\"your-message\"><\/textarea><\/span> <\/label>\n\n<button class=\"wpcf7-form-control wpcf7-submit qodef-button qodef-size--normal qodef-layout--filled qodef-m\" type=\"submit\"><span class=\"qodef-button-overlay\"><\/span><span class=\"qodef-m-text\">Wy\u015blij<\/span><\/button><div class=\"wpcf7-response-output\" aria-hidden=\"true\"><\/div>\n<\/form>\n<\/div>\n<\/div>\n\t\t\t\t<\/div>\n\t\t\t\t<\/div>\n\t\t\t\t\t<\/div>\n\t\t<\/div>\n\t\t\t\t\t<\/div>\n\t\t<\/section>\n\t\t\t\t<\/div>\n\t\t","protected":false},"excerpt":{"rendered":"<p>Skontaktuj si\u0119 z nami, aby uzyska\u0107 wi\u0119cej informacji Krak\u00f3w Ul. Mariana Hemara 730-198 Krak\u00f3w Przesy\u0142ki \/ sprawy administracyjne+48 501 487 951Pon &#8211; Pt, 8:30-16:30m5buty@wp.pl Zostaw odpowied\u017a Tw\u00f3j adres e-mail nie zostanie opublikowany. Pola oznaczone * s\u0105 obowi\u0105zkowe Your name Your email Subject Your message (optional) Submit<\/p>\n","protected":false},"author":1,"featured_media":0,"parent":0,"menu_order":0,"comment_status":"closed","ping_status":"closed","template":"page-full-width.php","meta":{"footnotes":""},"class_list":["post-3795","page","type-page","status-publish","hentry"],"yoast_head":"<!-- This site is optimized with the Yoast SEO Premium plugin v25.1 (Yoast SEO v27.1.1) - https:\/\/yoast.com\/product\/yoast-seo-premium-wordpress\/ -->\n<title>Kontakt - Szko\u0142a Wspinaczkowa Kursy Wspinaczki - M5 Krak\u00f3w<\/title>\n<meta name=\"robots\" content=\"index, follow, max-snippet:-1, max-image-preview:large, max-video-preview:-1\" \/>\n<link rel=\"canonical\" href=\"https:\/\/m5.krakow.pl\/index.php\/contact-us\/\" \/>\n<meta property=\"og:locale\" content=\"pl_PL\" \/>\n<meta property=\"og:type\" content=\"article\" \/>\n<meta property=\"og:title\" content=\"Kontakt\" \/>\n<meta property=\"og:description\" content=\"Skontaktuj si\u0119 z nami, aby uzyska\u0107 wi\u0119cej informacji Krak\u00f3w Ul. Mariana Hemara 730-198 Krak\u00f3w Przesy\u0142ki \/ sprawy administracyjne+48 501 487 951Pon &#8211; Pt, 8:30-16:30m5buty@wp.pl Zostaw odpowied\u017a Tw\u00f3j adres e-mail nie zostanie opublikowany. Pola oznaczone * s\u0105 obowi\u0105zkowe Your name Your email Subject Your message (optional) Submit\" \/>\n<meta property=\"og:url\" content=\"https:\/\/m5.krakow.pl\/index.php\/contact-us\/\" \/>\n<meta property=\"og:site_name\" content=\"Szko\u0142a Wspinaczkowa Kursy Wspinaczki - M5 Krak\u00f3w\" \/>\n<meta property=\"article:publisher\" content=\"https:\/\/www.facebook.com\/profile.php?id=100057263327509\" \/>\n<meta property=\"article:modified_time\" content=\"2025-05-29T16:51:51+00:00\" \/>\n<meta property=\"og:image\" content=\"http:\/\/m5.krakow.pl\/wp-content\/uploads\/2025\/05\/3-tygodnie.Minimum-3-tygodnie.Taki-jest-obecnie-czas-oczekiwania-na-naprawe-Waszych-butkow.Dwoimy-sie-i-troimy-aby-bylo-git.jpg\" \/>\n<meta name=\"twitter:card\" content=\"summary_large_image\" \/>\n<script type=\"application\/ld+json\" class=\"yoast-schema-graph\">{\"@context\":\"https:\/\/schema.org\",\"@graph\":[{\"@type\":\"WebPage\",\"@id\":\"https:\/\/m5.krakow.pl\/index.php\/contact-us\/\",\"url\":\"https:\/\/m5.krakow.pl\/index.php\/contact-us\/\",\"name\":\"Kontakt - Szko\u0142a Wspinaczkowa Kursy Wspinaczki - M5 Krak\u00f3w\",\"isPartOf\":{\"@id\":\"https:\/\/m5.krakow.pl\/#website\"},\"primaryImageOfPage\":{\"@id\":\"https:\/\/m5.krakow.pl\/index.php\/contact-us\/#primaryimage\"},\"image\":{\"@id\":\"https:\/\/m5.krakow.pl\/index.php\/contact-us\/#primaryimage\"},\"thumbnailUrl\":\"http:\/\/m5.krakow.pl\/wp-content\/uploads\/2025\/05\/3-tygodnie.Minimum-3-tygodnie.Taki-jest-obecnie-czas-oczekiwania-na-naprawe-Waszych-butkow.Dwoimy-sie-i-troimy-aby-bylo-git.jpg\",\"datePublished\":\"2023-05-19T09:17:26+00:00\",\"dateModified\":\"2025-05-29T16:51:51+00:00\",\"breadcrumb\":{\"@id\":\"https:\/\/m5.krakow.pl\/index.php\/contact-us\/#breadcrumb\"},\"inLanguage\":\"pl-PL\",\"potentialAction\":[{\"@type\":\"ReadAction\",\"target\":[\"https:\/\/m5.krakow.pl\/index.php\/contact-us\/\"]}]},{\"@type\":\"ImageObject\",\"inLanguage\":\"pl-PL\",\"@id\":\"https:\/\/m5.krakow.pl\/index.php\/contact-us\/#primaryimage\",\"url\":\"https:\/\/m5.krakow.pl\/wp-content\/uploads\/2025\/05\/3-tygodnie.Minimum-3-tygodnie.Taki-jest-obecnie-czas-oczekiwania-na-naprawe-Waszych-butkow.Dwoimy-sie-i-troimy-aby-bylo-git.jpg\",\"contentUrl\":\"https:\/\/m5.krakow.pl\/wp-content\/uploads\/2025\/05\/3-tygodnie.Minimum-3-tygodnie.Taki-jest-obecnie-czas-oczekiwania-na-naprawe-Waszych-butkow.Dwoimy-sie-i-troimy-aby-bylo-git.jpg\",\"width\":1000,\"height\":1000},{\"@type\":\"BreadcrumbList\",\"@id\":\"https:\/\/m5.krakow.pl\/index.php\/contact-us\/#breadcrumb\",\"itemListElement\":[{\"@type\":\"ListItem\",\"position\":1,\"name\":\"Strona g\u0142\u00f3wna\",\"item\":\"https:\/\/m5.krakow.pl\/\"},{\"@type\":\"ListItem\",\"position\":2,\"name\":\"Kontakt\"}]},{\"@type\":\"WebSite\",\"@id\":\"https:\/\/m5.krakow.pl\/#website\",\"url\":\"https:\/\/m5.krakow.pl\/\",\"name\":\"M5. Szko\u0142a wspinania Naprawa But\u00f3w do Wspinaczki\",\"description\":\"\",\"publisher\":{\"@id\":\"https:\/\/m5.krakow.pl\/#organization\"},\"alternateName\":\"Szko\u0142a Wspinaczkowa Krak\u00f3w\",\"potentialAction\":[{\"@type\":\"SearchAction\",\"target\":{\"@type\":\"EntryPoint\",\"urlTemplate\":\"https:\/\/m5.krakow.pl\/?s={search_term_string}\"},\"query-input\":{\"@type\":\"PropertyValueSpecification\",\"valueRequired\":true,\"valueName\":\"search_term_string\"}}],\"inLanguage\":\"pl-PL\"},{\"@type\":\"Organization\",\"@id\":\"https:\/\/m5.krakow.pl\/#organization\",\"name\":\"M5. Szko\u0142a wspinania\",\"url\":\"https:\/\/m5.krakow.pl\/\",\"logo\":{\"@type\":\"ImageObject\",\"inLanguage\":\"pl-PL\",\"@id\":\"https:\/\/m5.krakow.pl\/#\/schema\/logo\/image\/\",\"url\":\"https:\/\/m5.krakow.pl\/wp-content\/uploads\/2025\/05\/m5.png\",\"contentUrl\":\"https:\/\/m5.krakow.pl\/wp-content\/uploads\/2025\/05\/m5.png\",\"width\":100,\"height\":100,\"caption\":\"M5. Szko\u0142a wspinania\"},\"image\":{\"@id\":\"https:\/\/m5.krakow.pl\/#\/schema\/logo\/image\/\"},\"sameAs\":[\"https:\/\/www.facebook.com\/profile.php?id=100057263327509\",\"https:\/\/www.instagram.com\/m5.krakow.pl\/\"]}]}<\/script>\n<!-- \/ Yoast SEO Premium plugin. -->","yoast_head_json":{"title":"Kontakt - Szko\u0142a Wspinaczkowa Kursy Wspinaczki - M5 Krak\u00f3w","robots":{"index":"index","follow":"follow","max-snippet":"max-snippet:-1","max-image-preview":"max-image-preview:large","max-video-preview":"max-video-preview:-1"},"canonical":"https:\/\/m5.krakow.pl\/index.php\/contact-us\/","og_locale":"pl_PL","og_type":"article","og_title":"Kontakt","og_description":"Skontaktuj si\u0119 z nami, aby uzyska\u0107 wi\u0119cej informacji Krak\u00f3w Ul. Mariana Hemara 730-198 Krak\u00f3w Przesy\u0142ki \/ sprawy administracyjne+48 501 487 951Pon &#8211; Pt, 8:30-16:30m5buty@wp.pl Zostaw odpowied\u017a Tw\u00f3j adres e-mail nie zostanie opublikowany. Pola oznaczone * s\u0105 obowi\u0105zkowe Your name Your email Subject Your message (optional) Submit","og_url":"https:\/\/m5.krakow.pl\/index.php\/contact-us\/","og_site_name":"Szko\u0142a Wspinaczkowa Kursy Wspinaczki - M5 Krak\u00f3w","article_publisher":"https:\/\/www.facebook.com\/profile.php?id=100057263327509","article_modified_time":"2025-05-29T16:51:51+00:00","og_image":[{"url":"http:\/\/m5.krakow.pl\/wp-content\/uploads\/2025\/05\/3-tygodnie.Minimum-3-tygodnie.Taki-jest-obecnie-czas-oczekiwania-na-naprawe-Waszych-butkow.Dwoimy-sie-i-troimy-aby-bylo-git.jpg","type":"","width":"","height":""}],"twitter_card":"summary_large_image","schema":{"@context":"https:\/\/schema.org","@graph":[{"@type":"WebPage","@id":"https:\/\/m5.krakow.pl\/index.php\/contact-us\/","url":"https:\/\/m5.krakow.pl\/index.php\/contact-us\/","name":"Kontakt - Szko\u0142a Wspinaczkowa Kursy Wspinaczki - M5 Krak\u00f3w","isPartOf":{"@id":"https:\/\/m5.krakow.pl\/#website"},"primaryImageOfPage":{"@id":"https:\/\/m5.krakow.pl\/index.php\/contact-us\/#primaryimage"},"image":{"@id":"https:\/\/m5.krakow.pl\/index.php\/contact-us\/#primaryimage"},"thumbnailUrl":"http:\/\/m5.krakow.pl\/wp-content\/uploads\/2025\/05\/3-tygodnie.Minimum-3-tygodnie.Taki-jest-obecnie-czas-oczekiwania-na-naprawe-Waszych-butkow.Dwoimy-sie-i-troimy-aby-bylo-git.jpg","datePublished":"2023-05-19T09:17:26+00:00","dateModified":"2025-05-29T16:51:51+00:00","breadcrumb":{"@id":"https:\/\/m5.krakow.pl\/index.php\/contact-us\/#breadcrumb"},"inLanguage":"pl-PL","potentialAction":[{"@type":"ReadAction","target":["https:\/\/m5.krakow.pl\/index.php\/contact-us\/"]}]},{"@type":"ImageObject","inLanguage":"pl-PL","@id":"https:\/\/m5.krakow.pl\/index.php\/contact-us\/#primaryimage","url":"https:\/\/m5.krakow.pl\/wp-content\/uploads\/2025\/05\/3-tygodnie.Minimum-3-tygodnie.Taki-jest-obecnie-czas-oczekiwania-na-naprawe-Waszych-butkow.Dwoimy-sie-i-troimy-aby-bylo-git.jpg","contentUrl":"https:\/\/m5.krakow.pl\/wp-content\/uploads\/2025\/05\/3-tygodnie.Minimum-3-tygodnie.Taki-jest-obecnie-czas-oczekiwania-na-naprawe-Waszych-butkow.Dwoimy-sie-i-troimy-aby-bylo-git.jpg","width":1000,"height":1000},{"@type":"BreadcrumbList","@id":"https:\/\/m5.krakow.pl\/index.php\/contact-us\/#breadcrumb","itemListElement":[{"@type":"ListItem","position":1,"name":"Strona g\u0142\u00f3wna","item":"https:\/\/m5.krakow.pl\/"},{"@type":"ListItem","position":2,"name":"Kontakt"}]},{"@type":"WebSite","@id":"https:\/\/m5.krakow.pl\/#website","url":"https:\/\/m5.krakow.pl\/","name":"M5. Szko\u0142a wspinania Naprawa But\u00f3w do Wspinaczki","description":"","publisher":{"@id":"https:\/\/m5.krakow.pl\/#organization"},"alternateName":"Szko\u0142a Wspinaczkowa Krak\u00f3w","potentialAction":[{"@type":"SearchAction","target":{"@type":"EntryPoint","urlTemplate":"https:\/\/m5.krakow.pl\/?s={search_term_string}"},"query-input":{"@type":"PropertyValueSpecification","valueRequired":true,"valueName":"search_term_string"}}],"inLanguage":"pl-PL"},{"@type":"Organization","@id":"https:\/\/m5.krakow.pl\/#organization","name":"M5. Szko\u0142a wspinania","url":"https:\/\/m5.krakow.pl\/","logo":{"@type":"ImageObject","inLanguage":"pl-PL","@id":"https:\/\/m5.krakow.pl\/#\/schema\/logo\/image\/","url":"https:\/\/m5.krakow.pl\/wp-content\/uploads\/2025\/05\/m5.png","contentUrl":"https:\/\/m5.krakow.pl\/wp-content\/uploads\/2025\/05\/m5.png","width":100,"height":100,"caption":"M5. Szko\u0142a wspinania"},"image":{"@id":"https:\/\/m5.krakow.pl\/#\/schema\/logo\/image\/"},"sameAs":["https:\/\/www.facebook.com\/profile.php?id=100057263327509","https:\/\/www.instagram.com\/m5.krakow.pl\/"]}]}},"_links":{"self":[{"href":"https:\/\/m5.krakow.pl\/index.php\/wp-json\/wp\/v2\/pages\/3795","targetHints":{"allow":["GET"]}}],"collection":[{"href":"https:\/\/m5.krakow.pl\/index.php\/wp-json\/wp\/v2\/pages"}],"about":[{"href":"https:\/\/m5.krakow.pl\/index.php\/wp-json\/wp\/v2\/types\/page"}],"author":[{"embeddable":true,"href":"https:\/\/m5.krakow.pl\/index.php\/wp-json\/wp\/v2\/users\/1"}],"replies":[{"embeddable":true,"href":"https:\/\/m5.krakow.pl\/index.php\/wp-json\/wp\/v2\/comments?post=3795"}],"version-history":[{"count":13,"href":"https:\/\/m5.krakow.pl\/index.php\/wp-json\/wp\/v2\/pages\/3795\/revisions"}],"predecessor-version":[{"id":8679,"href":"https:\/\/m5.krakow.pl\/index.php\/wp-json\/wp\/v2\/pages\/3795\/revisions\/8679"}],"wp:attachment":[{"href":"https:\/\/m5.krakow.pl\/index.php\/wp-json\/wp\/v2\/media?parent=3795"}],"curies":[{"name":"wp","href":"https:\/\/api.w.org\/{rel}","templated":true}]}}